{"id":7,"date":"2021-05-21T08:18:04","date_gmt":"2021-05-21T08:18:04","guid":{"rendered":"https:\/\/pomojemu.blog\/?page_id=7"},"modified":"2022-10-14T12:43:45","modified_gmt":"2022-10-14T12:43:45","slug":"kontakt","status":"publish","type":"page","link":"https:\/\/pomojemu.blog\/index.php\/kontakt\/","title":{"rendered":"Kontakt"},"content":{"rendered":"\n<p>Cze\u015b\u0107!<br>Jestem 40-to latkiem pisz\u0105cym bloga.<br>Je\u015bli chcesz mi w czym\u015b pom\u00f3c, doradzi\u0107 lub nawi\u0105za\u0107 wsp\u00f3\u0142prac\u0119, albo napisa\u0107 co\u015b mi\u0142ego &#8211; pisz od razu na maila:<\/p>\n\n\n\n<p><strong>lukasz@pomojemu.blog<\/strong><\/p>\n","protected":false},"excerpt":{"rendered":"<p>Cze\u015b\u0107!Jestem 40-to latkiem pisz\u0105cym bloga.Je\u015bli chcesz mi w czym\u015b pom\u00f3c, doradzi\u0107 lub nawi\u0105za\u0107 wsp\u00f3\u0142prac\u0119, albo napisa\u0107 co\u015b mi\u0142ego &#8211; pisz od razu na maila: lukasz@pomojemu.blog<\/p>\n","protected":false},"author":1,"featured_media":0,"parent":0,"menu_order":0,"comment_status":"closed","ping_status":"closed","template":"","meta":{"footnotes":""},"class_list":["post-7","page","type-page","status-publish","hentry"],"_links":{"self":[{"href":"https:\/\/pomojemu.blog\/index.php\/wp-json\/wp\/v2\/pages\/7"}],"collection":[{"href":"https:\/\/pomojemu.blog\/index.php\/wp-json\/wp\/v2\/pages"}],"about":[{"href":"https:\/\/pomojemu.blog\/index.php\/wp-json\/wp\/v2\/types\/page"}],"author":[{"embeddable":true,"href":"https:\/\/pomojemu.blog\/index.php\/wp-json\/wp\/v2\/users\/1"}],"replies":[{"embeddable":true,"href":"https:\/\/pomojemu.blog\/index.php\/wp-json\/wp\/v2\/comments?post=7"}],"version-history":[{"count":4,"href":"https:\/\/pomojemu.blog\/index.php\/wp-json\/wp\/v2\/pages\/7\/revisions"}],"predecessor-version":[{"id":994,"href":"https:\/\/pomojemu.blog\/index.php\/wp-json\/wp\/v2\/pages\/7\/revisions\/994"}],"wp:attachment":[{"href":"https:\/\/pomojemu.blog\/index.php\/wp-json\/wp\/v2\/media?parent=7"}],"curies":[{"name":"wp","href":"https:\/\/api.w.org\/{rel}","templated":true}]}}